{"id":6504,"date":"2020-01-02T17:41:31","date_gmt":"2020-01-02T17:41:31","guid":{"rendered":"https:\/\/www.tuscanphila.com\/?page_id=6504"},"modified":"2020-01-02T17:41:31","modified_gmt":"2020-01-02T17:41:31","slug":"terms-and-conditions","status":"publish","type":"page","link":"https:\/\/www.tuscanphila.com\/en\/terms-and-conditions\/","title":{"rendered":"TERMINI E CONDIZIONI DI VENDITA"},"content":{"rendered":"<p style=\"text-align: left;\"><span style=\"color: #000000;\"><strong>Premessa: l\u2019offerta e la vendita di prodotti sul sito web\u00a0<\/strong><a style=\"color: #000000;\" href=\"http:\/\/www.tuscanphila.com\"><strong>www.tuscanphila.com<\/strong><\/a><strong>\u00a0sono regolati dalle seguenti condizioni generali di vendita.<br \/>\nI prodotti acquistati sul sito sono venduti da<\/strong><\/span><\/p>\n<p><span style=\"color: #000000;\">\u2014<\/span><\/p>\n<p><span style=\"color: #000000;\"><strong>Tuscanphila di Di Raimo Giorgio<br \/>\n<\/strong>Ponzano 21, 50050<\/span><br \/>\n<span style=\"color: #000000;\">Cerreto Guidi &#8211; Toscana &#8211; Italy<\/span><br \/>\n<span style=\"color: #000000;\">IVA: 06214870484<\/span><\/p>\n<p><span style=\"color: #000000;\">\u2014<\/span><\/p>\n<p><span style=\"color: #000000;\"><strong>MODALIT\u00c0 DI ACQUISTO<\/strong><\/span><\/p>\n<ol>\n<li><span style=\"color: #000000;\">Per l\u2019acquisto dei Prodotti il Cliente dovr\u00e0 procedere alla registrazione inserendo le proprie generalit\u00e0, seguendo le istruzioni previste dal programma di registrazione, o potr\u00e0 anche acquistare come ospite dichiarando sotto la propria responsabilit\u00e0 di aver raggiunto la maggiore et\u00e0.<\/span><\/li>\n<li><span style=\"color: #000000;\">Il Cliente dovr\u00e0 inserire il Prodotto\/i selezionato\/i nell\u2019apposito \u201cCarrello\u201d e, dopo aver visionato e accettato il contributo per le spese di consegna, potr\u00e0 procedere all\u2019acquisto utilizzando i diversi metodi di pagamento messi a disposizione.<\/span><\/li>\n<li><span style=\"color: #000000;\">Qualora il Cliente abbia necessit\u00e0 di modificare l\u2019ordine di acquisto ovvero di modificare alcuni dati in esso contenuti dovr\u00e0\u00a0mettersi in contatto con il nostro staff entro un\u2019ora dall\u2019ordine se fatto entro le 12:00 ed entro 5 ore se fatto dopo le 12:00. Potete scriverci tramite i diversi metodi messi a disposizione nel sito o tramite le pagine social, potete anche inviare una email a\u00a0<a style=\"color: #000000;\" href=\"mailto:info@tuscanphila.com\"><strong>info@tuscanphila.com<\/strong><\/a>o contattarci ai seguenti numeri telefonici +39 393 2418564<\/span><\/li>\n<li><span style=\"color: #000000;\">Terminata tale operazione il Cliente visualizzer\u00e0 una schermata contenente il riepilogo dell\u2019ordine di acquisto, comprensivo delle Spese di consegna ove siano dovute.<\/span><\/li>\n<li><span style=\"color: #000000;\">Successivamente alla visualizzazione del riepilogo il Cliente dovr\u00e0 selezionare il tipo di pagamento desiderato e \u201ccliccare\u201d il tasto per l\u2019operazione di checkout.<\/span><\/li>\n<\/ol>\n<p><span style=\"color: #000000;\"><strong>\u00a0<\/strong><\/span><\/p>\n<p><span style=\"color: #000000;\"><strong>CONCLUSIONE DEL CONTRATTO<\/strong><\/span><\/p>\n<p><span style=\"color: #000000;\">Con la conferma dell\u2019ordine di acquisto da parte del Cliente, le condizioni di vendita e le ulteriori informazioni contenute sul sito si intenderanno pienamente conosciute ed accettate dal Cliente.<\/span><\/p>\n<p><span style=\"color: #000000;\">La Conferma d\u2019Ordine da parte di\u00a0<a style=\"color: #000000;\" href=\"http:\/\/www.tuscanphila.com\">tuscanphila.com<\/a>\u00a0sar\u00e0 trasmessa al Cliente all\u2019indirizzo di posta elettronica indicato e costituir\u00e0 prova di accettazione della proposta contrattuale.<\/span><\/p>\n<p><span style=\"color: #000000;\">Il contratto si intender\u00e0 concluso e sar\u00e0 vincolante per entrambe le parti, nel momento in cui la Conferma d\u2019Ordine verr\u00e0 spedita al Cliente.<\/span><\/p>\n<p><span style=\"color: #000000;\">Dopo il pagamento riceverete un\u2019e-mail che vi notificher\u00e0 la ricezione del pagamento e da quel momento decoreranno le tempistiche per la preparazione e la spedizione del vostro ordine.<\/span><\/p>\n<p><span style=\"color: #000000;\">Qualora il nostro staff dovesse trovare degli errori nel vostro ordine o ritenesse il vostro ordine non evadibile nei tempi e nei modi richiesti vi verr\u00e0 data comunicazione tempestiva, tutti i prodotti possono essere soggetti a modifica fino al momento di conferma avvenuta evasione del vostro ordine.<\/span><\/p>\n<p><span style=\"color: #000000;\">\u00c8 escluso ogni diritto del Cliente a un risarcimento danni o indennizzo, nonch\u00e9 qualsiasi responsabilit\u00e0 contrattuale o extracontrattuale per danni diretti o indiretti a persone e\/o cose, provocati dalla mancata accettazione, anche parziale, di un ordine o dall\u2019annullamento dovuto al mancato pagamento entro il termine stabilito.<\/span><\/p>\n<p><span style=\"color: #000000;\">Nel catalogo prodotti pubblicato sul sito\u00a0<a style=\"color: #000000;\" href=\"http:\/\/www.tuscany36.it\/\">www.tuscanphila.com<\/a>\u00a0la disponibilit\u00e0 dei prodotti, anche essendo costantemente aggiornata pu\u00f2 subire variazioni nel tempo senza possibilit\u00e0 di preavviso, sar\u00e0 nostra totale premura cercare di arginare totalmente tale fenomeno che gi\u00e0 di suo si verifica di raro.<\/span><\/p>\n<p><span style=\"color: #000000;\">State acquistando prodotti visionabili e descritti sul nostro sito ed accettate che le immagini dei prodotti possono non essere perfettamente rappresentative delle sue caratteristiche ma possono differire per colore e sue sfumature, dimensioni o prodotti accessori presenti in figura. Le immagini sono quindi da intendersi come mera rappresentazione generica dei prodotti ma figurative in quanto essendo un prodotto totalmente naturale le proprie caratteristiche possono variare da ogni confezione.<\/span><\/p>\n<p><span style=\"color: #000000;\"><strong>PAGAMENTO<\/strong><\/span><\/p>\n<ol>\n<li><span style=\"color: #000000;\">I prezzi dei Prodotti sono espressi in Euro e sono comprensivi di tutte le tasse e\/o imposte applicabili.<\/span><\/li>\n<li><span style=\"color: #000000;\">I prezzi dei Prodotti non sono comprensivi delle Spese di consegna il cui importo verr\u00e0 comunque indicato al Cliente nel riepilogo dell\u2019ordine di acquisto.<\/span><\/li>\n<li><span style=\"color: #000000;\">ll prezzo del Prodotto sar\u00e0 quello indicato sul sito al momento dell\u2019ordine. Non potranno, quindi, rilevare eventuali aumenti o diminuzioni del prezzo, anche in correlazione a vendite promozionali precedenti o successive l\u2019ordine di acquisto salvo casi di errori nei prezzi dovuti ad una configurazione sbagliata da parte del webmaster, in questi casi riceverete comunicazione tempestiva da parte del nostro staff.<\/span><\/li>\n<li><span style=\"color: #000000;\">Le uniche modalit\u00e0 di pagamento ammesse sono\u00a0<strong>Bonifico Bancario<\/strong>,\u00a0<strong>ricarica PostePay<\/strong>,\u00a0e tramite\u00a0<strong>contrassegno<\/strong>al momento della consegna. Queste possono variare o essere rese indisponibili ed il cliente \u00e8 tenuto a completare il checkout con i metodi resi disponibili al momento dell\u2019acquisto.<\/span><\/li>\n<li><span style=\"color: #000000;\"><a style=\"color: #000000;\" href=\"http:\/\/www.tuscany36.it\/\">tuscanphila.com<\/a>non accetta altre forme di pagamento non specificate.<\/span><\/li>\n<\/ol>\n<p>&nbsp;<\/p>\n","protected":false},"excerpt":{"rendered":"<p>Premessa: l\u2019offerta e la vendita di prodotti sul sito web\u00a0www.tuscanphila.com\u00a0sono regolati dalle seguenti condizioni generali di vendita. I prodotti acquistati sul sito sono venduti da \u2014 Tuscanphila di Di Raimo Giorgio Ponzano 21, 50050 Cerreto Guidi &#8211; Toscana &#8211; Italy IVA: 06214870484 \u2014 MODALIT\u00c0 DI ACQUISTO Per l\u2019acquisto dei Prodotti il Cliente dovr\u00e0 procedere alla [&hellip;]<\/p>\n","protected":false},"author":1,"featured_media":0,"parent":0,"menu_order":0,"comment_status":"closed","ping_status":"closed","template":"","meta":[],"acf":[],"_links":{"self":[{"href":"https:\/\/www.tuscanphila.com\/en\/wp-json\/wp\/v2\/pages\/6504"}],"collection":[{"href":"https:\/\/www.tuscanphila.com\/en\/wp-json\/wp\/v2\/pages"}],"about":[{"href":"https:\/\/www.tuscanphila.com\/en\/wp-json\/wp\/v2\/types\/page"}],"author":[{"embeddable":true,"href":"https:\/\/www.tuscanphila.com\/en\/wp-json\/wp\/v2\/users\/1"}],"replies":[{"embeddable":true,"href":"https:\/\/www.tuscanphila.com\/en\/wp-json\/wp\/v2\/comments?post=6504"}],"version-history":[{"count":1,"href":"https:\/\/www.tuscanphila.com\/en\/wp-json\/wp\/v2\/pages\/6504\/revisions"}],"predecessor-version":[{"id":6972,"href":"https:\/\/www.tuscanphila.com\/en\/wp-json\/wp\/v2\/pages\/6504\/revisions\/6972"}],"wp:attachment":[{"href":"https:\/\/www.tuscanphila.com\/en\/wp-json\/wp\/v2\/media?parent=6504"}],"curies":[{"name":"wp","href":"https:\/\/api.w.org\/{rel}","templated":true}]}}